{"id":26379,"date":"2025-05-05T07:44:14","date_gmt":"2025-05-05T05:44:14","guid":{"rendered":"http:\/\/localhost\/wordpress\/?page_id=26379"},"modified":"2025-12-01T08:16:29","modified_gmt":"2025-12-01T07:16:29","slug":"ueber-uns","status":"publish","type":"page","link":"https:\/\/balson.ch\/wordpress\/ueber-uns\/","title":{"rendered":"\u00dcber Uns"},"content":{"rendered":"\n<div class=\"wp-block-group has-global-padding is-layout-constrained wp-container-core-group-is-layout-3e6a9b1e wp-block-group-is-layout-constrained\">\n<p style=\"font-size:18px\"><strong>BALSON AG;<\/strong>&nbsp;baut seit&nbsp;<strong>1978 Gartenbahnen<\/strong>, die Modelle werden in der ganzen Welt eingesetzt und haben sich in vielen \u00f6ffentlichen Anlagen (<strong>Bundesgartenschauen, Eisenbahnparks etc<\/strong>.) bestens bew\u00e4hrt. Damit die Lokomotiven solche Laufleistungen \u00fcber Jahre erbringen, bieten wir beste Qualit\u00e4t.<br>Wir sind stolz, dass es uns durch die fortw\u00e4hrenden Erfahrungen gelungen ist, <strong>Robustheit<\/strong>, <strong>Zuverl\u00e4ssigkeit<\/strong> und <strong>Modelltreue<\/strong> zu vereinen.<\/p>\n\n\n\n<div style=\"height:5px\" aria-hidden=\"true\" class=\"wp-block-spacer\"><\/div>\n\n\n\n<div class=\"wp-block-columns alignfull is-layout-flex wp-container-core-columns-is-layout-28f84493 wp-block-columns-is-layout-flex\">\n<div class=\"wp-block-column is-layout-flow wp-block-column-is-layout-flow\">\n<div class=\"wp-block-kadence-image kb-image26379_f054bf-18\"><figure class=\"aligncenter size-medium\"><a href=\"https:\/\/balson.ch\/wordpress\/\/wp-content\/uploads\/2022\/08\/Infel_Axa_BALSON_AG_15-edited-1-scaled-1.jpg\" data-src=\"https:\/\/balson.ch\/wordpress\/\/wp-content\/uploads\/2022\/08\/Infel_Axa_BALSON_AG_15-edited-1-scaled-1.jpg\" data-thumb=\"https:\/\/balson.ch\/wordpress\/\/wp-content\/uploads\/2022\/08\/Infel_Axa_BALSON_AG_15-edited-1-scaled-1-300x300.jpg\" class=\"ml-lightbox-enabled\"><img loading=\"lazy\" decoding=\"async\" width=\"300\" height=\"300\" src=\"https:\/\/balson.ch\/wordpress\/\/wp-content\/uploads\/2022\/08\/Infel_Axa_BALSON_AG_15-edited-1-scaled-1-300x300.jpg\" alt=\"\" class=\"kb-img wp-image-25377\" srcset=\"https:\/\/balson.ch\/wordpress\/wp-content\/uploads\/2022\/08\/Infel_Axa_BALSON_AG_15-edited-1-scaled-1-300x300.jpg 300w, https:\/\/balson.ch\/wordpress\/wp-content\/uploads\/2022\/08\/Infel_Axa_BALSON_AG_15-edited-1-scaled-1-100x100.jpg 100w, https:\/\/balson.ch\/wordpress\/wp-content\/uploads\/2022\/08\/Infel_Axa_BALSON_AG_15-edited-1-scaled-1-600x600.jpg 600w, https:\/\/balson.ch\/wordpress\/wp-content\/uploads\/2022\/08\/Infel_Axa_BALSON_AG_15-edited-1-scaled-1-1024x1024.jpg 1024w, https:\/\/balson.ch\/wordpress\/wp-content\/uploads\/2022\/08\/Infel_Axa_BALSON_AG_15-edited-1-scaled-1-150x150.jpg 150w, https:\/\/balson.ch\/wordpress\/wp-content\/uploads\/2022\/08\/Infel_Axa_BALSON_AG_15-edited-1-scaled-1-768x769.jpg 768w, https:\/\/balson.ch\/wordpress\/wp-content\/uploads\/2022\/08\/Infel_Axa_BALSON_AG_15-edited-1-scaled-1-1536x1536.jpg 1536w, https:\/\/balson.ch\/wordpress\/wp-content\/uploads\/2022\/08\/Infel_Axa_BALSON_AG_15-edited-1-scaled-1-2046x2048.jpg 2046w\" sizes=\"auto, (max-width: 300px) 100vw, 300px\" \/><\/a><figcaption><strong>Charles Ball<\/strong>,&nbsp;<em>Gesch\u00e4ftsf\u00fchrer (2. Generation)<\/em><\/figcaption><\/figure><\/div>\n<\/div>\n\n\n\n<div class=\"wp-block-column is-layout-flow wp-block-column-is-layout-flow\">\n<div class=\"wp-block-kadence-image kb-image26379_f52b6b-0d\"><figure class=\"aligncenter size-medium\"><a href=\"https:\/\/balson.ch\/wordpress\/\/wp-content\/uploads\/2022\/08\/c77dd51c-6672-46a4-9f04-98317807b701-1-edited-1-1.jpeg\" data-src=\"https:\/\/balson.ch\/wordpress\/\/wp-content\/uploads\/2022\/08\/c77dd51c-6672-46a4-9f04-98317807b701-1-edited-1-1.jpeg\" data-thumb=\"https:\/\/balson.ch\/wordpress\/\/wp-content\/uploads\/2022\/08\/c77dd51c-6672-46a4-9f04-98317807b701-1-edited-1-1-300x300.jpeg\" class=\"ml-lightbox-enabled\"><img loading=\"lazy\" decoding=\"async\" width=\"300\" height=\"300\" src=\"https:\/\/balson.ch\/wordpress\/\/wp-content\/uploads\/2022\/08\/c77dd51c-6672-46a4-9f04-98317807b701-1-edited-1-1-300x300.jpeg\" alt=\"\" class=\"kb-img wp-image-25378\" srcset=\"https:\/\/balson.ch\/wordpress\/wp-content\/uploads\/2022\/08\/c77dd51c-6672-46a4-9f04-98317807b701-1-edited-1-1-300x300.jpeg 300w, https:\/\/balson.ch\/wordpress\/wp-content\/uploads\/2022\/08\/c77dd51c-6672-46a4-9f04-98317807b701-1-edited-1-1-100x100.jpeg 100w, https:\/\/balson.ch\/wordpress\/wp-content\/uploads\/2022\/08\/c77dd51c-6672-46a4-9f04-98317807b701-1-edited-1-1-600x601.jpeg 600w, https:\/\/balson.ch\/wordpress\/wp-content\/uploads\/2022\/08\/c77dd51c-6672-46a4-9f04-98317807b701-1-edited-1-1-150x150.jpeg 150w, https:\/\/balson.ch\/wordpress\/wp-content\/uploads\/2022\/08\/c77dd51c-6672-46a4-9f04-98317807b701-1-edited-1-1-768x769.jpeg 768w, https:\/\/balson.ch\/wordpress\/wp-content\/uploads\/2022\/08\/c77dd51c-6672-46a4-9f04-98317807b701-1-edited-1-1.jpeg 957w\" sizes=\"auto, (max-width: 300px) 100vw, 300px\" \/><\/a><figcaption><strong>Luca Ball, <\/strong><em>Kundenkontakt<\/em><br>(3.Generation)<\/figcaption><\/figure><\/div>\n<\/div>\n<\/div>\n\n\n\n<p style=\"font-size:18px\">Es w\u00fcrde uns freuen, wenn Sie sich f\u00fcr ein Modell aus unserer Werkstatt entscheiden. Selbstverst\u00e4ndlich stehen wir gerne f\u00fcr allf\u00e4llige Ausk\u00fcnfte und Informationen zur Verf\u00fcgung oder kommen Sie, nach Voranmeldung, unverbindlich vorbei und sehen sich die Maschinen \u00bbNatura\u00bb an.<\/p>\n<\/div>\n","protected":false},"excerpt":{"rendered":"<p>BALSON AG;&nbsp;baut seit&nbsp;1978 Gartenbahnen, die Modelle werden in der ganzen Welt eingesetzt und haben sich in vielen \u00f6ffentlichen Anlagen (Bundesgartenschauen, Eisenbahnparks etc.) bestens bew\u00e4hrt. Damit die Lokomotiven solche Laufleistungen \u00fcber Jahre erbringen, bieten wir beste Qualit\u00e4t.Wir sind stolz, dass es uns durch die fortw\u00e4hrenden Erfahrungen gelungen ist, Robustheit, Zuverl\u00e4ssigkeit und Modelltreue zu vereinen. Es w\u00fcrde [&hellip;]<\/p>\n","protected":false},"author":1,"featured_media":0,"parent":0,"menu_order":0,"comment_status":"closed","ping_status":"closed","template":"wp-custom-template-volle-breite-mit-titel","meta":{"_acf_changed":false,"footnotes":""},"class_list":["post-26379","page","type-page","status-publish","hentry"],"acf":[],"mb":[],"mfb_rest_fields":["title"],"_links":{"self":[{"href":"https:\/\/balson.ch\/wordpress\/wp-json\/wp\/v2\/pages\/26379","targetHints":{"allow":["GET"]}}],"collection":[{"href":"https:\/\/balson.ch\/wordpress\/wp-json\/wp\/v2\/pages"}],"about":[{"href":"https:\/\/balson.ch\/wordpress\/wp-json\/wp\/v2\/types\/page"}],"author":[{"embeddable":true,"href":"https:\/\/balson.ch\/wordpress\/wp-json\/wp\/v2\/users\/1"}],"replies":[{"embeddable":true,"href":"https:\/\/balson.ch\/wordpress\/wp-json\/wp\/v2\/comments?post=26379"}],"version-history":[{"count":49,"href":"https:\/\/balson.ch\/wordpress\/wp-json\/wp\/v2\/pages\/26379\/revisions"}],"predecessor-version":[{"id":32957,"href":"https:\/\/balson.ch\/wordpress\/wp-json\/wp\/v2\/pages\/26379\/revisions\/32957"}],"wp:attachment":[{"href":"https:\/\/balson.ch\/wordpress\/wp-json\/wp\/v2\/media?parent=26379"}],"curies":[{"name":"wp","href":"https:\/\/api.w.org\/{rel}","templated":true}]}}