{"id":26439,"date":"2025-05-09T10:51:32","date_gmt":"2025-05-09T08:51:32","guid":{"rendered":"http:\/\/localhost\/wordpress\/?page_id=26439"},"modified":"2025-10-08T10:28:08","modified_gmt":"2025-10-08T08:28:08","slug":"e-lokomotiven","status":"publish","type":"page","link":"https:\/\/balson.ch\/wordpress\/lokomotiven\/e-lokomotiven\/","title":{"rendered":"E-Lokomotiven"},"content":{"rendered":"\n<div class=\"wp-block-group has-global-padding is-layout-constrained wp-container-core-group-is-layout-7a3688e9 wp-block-group-is-layout-constrained\">\n<p style=\"font-size:18px\">Kurz nach unserer Firmengr\u00fcndung, beschlossen wir bald auch E-Lok\u2019s anzubieten! Diverse Modelle wurden produziert, welche \u00fcber den Vorteil verf\u00fcgen, dass sie mit einer einfachen Steuerung best\u00fcckt sind und dadurch keine enormen Vorbereitungszeiten entstehen, um die Maschine zum Einsatz zu bringen. Falls Sie also auf der Suche nach einer praktischen und flexiblen Lok sind, dann ist diese Kategorie genau richtig f\u00fcr Sie.<\/p>\n<\/div>\n\n\n\n<div class=\"wp-block-query has-global-padding is-layout-constrained wp-container-core-query-is-layout-7a3688e9 wp-block-query-is-layout-constrained\"><ul class=\"columns-2 wp-block-post-template is-layout-grid wp-container-core-post-template-is-layout-02493678 wp-block-post-template-is-layout-grid\"><li class=\"wp-block-post post-32864 post type-post status-publish format-standard has-post-thumbnail hentry category-elektro category-gebraucht category-news\">\n\n<div id=\"modell-card\" class=\"wp-block-group has-border-color has-black-border-color is-layout-flow wp-block-group-is-layout-flow\" style=\"border-width:2px;padding-top:0px;padding-right:0px;padding-bottom:0px;padding-left:0px\"><figure style=\"width:100%;\" class=\"wp-block-post-featured-image\"><img loading=\"lazy\" decoding=\"async\" width=\"2560\" height=\"1707\" src=\"https:\/\/balson.ch\/wordpress\/wp-content\/uploads\/2025\/10\/DSC_5749-1-scaled.jpg\" class=\"attachment-post-thumbnail size-post-thumbnail wp-post-image\" alt=\"\" style=\"object-fit:cover;\" srcset=\"https:\/\/balson.ch\/wordpress\/wp-content\/uploads\/2025\/10\/DSC_5749-1-scaled.jpg 2560w, https:\/\/balson.ch\/wordpress\/wp-content\/uploads\/2025\/10\/DSC_5749-1-300x200.jpg 300w, https:\/\/balson.ch\/wordpress\/wp-content\/uploads\/2025\/10\/DSC_5749-1-1024x683.jpg 1024w, https:\/\/balson.ch\/wordpress\/wp-content\/uploads\/2025\/10\/DSC_5749-1-768x512.jpg 768w, https:\/\/balson.ch\/wordpress\/wp-content\/uploads\/2025\/10\/DSC_5749-1-1536x1024.jpg 1536w, https:\/\/balson.ch\/wordpress\/wp-content\/uploads\/2025\/10\/DSC_5749-1-2048x1365.jpg 2048w, https:\/\/balson.ch\/wordpress\/wp-content\/uploads\/2025\/10\/DSC_5749-1-600x400.jpg 600w, https:\/\/balson.ch\/wordpress\/wp-content\/uploads\/2025\/10\/DSC_5749-1-64x43.jpg 64w\" sizes=\"auto, (max-width: 2560px) 100vw, 2560px\" \/><\/figure>\n\n\n<div class=\"wp-block-group has-global-padding is-layout-constrained wp-container-core-group-is-layout-2caf1312 wp-block-group-is-layout-constrained\" style=\"padding-top:0px;padding-right:30px;padding-bottom:30px;padding-left:30px\"><h2 style=\"font-size:26px;\" class=\"wp-block-post-title\"><a href=\"https:\/\/balson.ch\/wordpress\/2025\/10\/10\/db-koef\/\" target=\"_self\" >DB K\u00f6f &#8211; VERKAUFT<\/a><\/h2>\n\n<div class=\"wp-block-post-excerpt\"><p class=\"wp-block-post-excerpt__excerpt\">Die Saison neigt sich dem Ende zu \u2013 und was gibt es Sch\u00f6neres, als den Winter&hellip; <\/p><\/div>\n\n<a style=\"font-size:1.2rem; border-radius:50px; padding-top:var(--wp--preset--spacing--30);padding-bottom:var(--wp--preset--spacing--30);padding-left:var(--wp--preset--spacing--40);padding-right:var(--wp--preset--spacing--40);\" class=\"custom-link wp-block-read-more has-montserrat-font-family\" href=\"https:\/\/balson.ch\/wordpress\/2025\/10\/10\/db-koef\/\" target=\"_self\">Weiterlesen<span class=\"screen-reader-text\">: DB K\u00f6f &#8211; VERKAUFT<\/span><\/a><\/div>\n<\/div>\n\n<\/li><li class=\"wp-block-post post-70 post type-post status-publish format-standard has-post-thumbnail hentry category-elektro\">\n\n<div id=\"modell-card\" class=\"wp-block-group has-border-color has-black-border-color is-layout-flow wp-block-group-is-layout-flow\" style=\"border-width:2px;padding-top:0px;padding-right:0px;padding-bottom:0px;padding-left:0px\"><figure style=\"width:100%;\" class=\"wp-block-post-featured-image\"><img loading=\"lazy\" decoding=\"async\" width=\"2560\" height=\"1707\" src=\"https:\/\/balson.ch\/wordpress\/wp-content\/uploads\/2025\/09\/DSC_1662-scaled.jpg\" class=\"attachment-post-thumbnail size-post-thumbnail wp-post-image\" alt=\"\" style=\"object-fit:cover;\" srcset=\"https:\/\/balson.ch\/wordpress\/wp-content\/uploads\/2025\/09\/DSC_1662-scaled.jpg 2560w, https:\/\/balson.ch\/wordpress\/wp-content\/uploads\/2025\/09\/DSC_1662-300x200.jpg 300w, https:\/\/balson.ch\/wordpress\/wp-content\/uploads\/2025\/09\/DSC_1662-1024x683.jpg 1024w, https:\/\/balson.ch\/wordpress\/wp-content\/uploads\/2025\/09\/DSC_1662-768x512.jpg 768w, https:\/\/balson.ch\/wordpress\/wp-content\/uploads\/2025\/09\/DSC_1662-1536x1024.jpg 1536w, https:\/\/balson.ch\/wordpress\/wp-content\/uploads\/2025\/09\/DSC_1662-2048x1365.jpg 2048w, https:\/\/balson.ch\/wordpress\/wp-content\/uploads\/2025\/09\/DSC_1662-600x400.jpg 600w, https:\/\/balson.ch\/wordpress\/wp-content\/uploads\/2025\/09\/DSC_1662-64x43.jpg 64w\" sizes=\"auto, (max-width: 2560px) 100vw, 2560px\" \/><\/figure>\n\n\n<div class=\"wp-block-group has-global-padding is-layout-constrained wp-container-core-group-is-layout-2caf1312 wp-block-group-is-layout-constrained\" style=\"padding-top:0px;padding-right:30px;padding-bottom:30px;padding-left:30px\"><h2 style=\"font-size:26px;\" class=\"wp-block-post-title\"><a href=\"https:\/\/balson.ch\/wordpress\/2018\/03\/27\/e-lok-3\/\" target=\"_self\" >RhB G 4\/4 III | M 1:4 | 7 1\/4&#8243;<\/a><\/h2>\n\n<div class=\"wp-block-post-excerpt\"><p class=\"wp-block-post-excerpt__excerpt\">Die Geschichte: Die RhB bestellte bei SLM in Winterthur 9 Lokomotiven vom Typ GE 4\/4 III.&hellip; <\/p><\/div>\n\n<a style=\"font-size:1.2rem; border-radius:50px; padding-top:var(--wp--preset--spacing--30);padding-bottom:var(--wp--preset--spacing--30);padding-left:var(--wp--preset--spacing--40);padding-right:var(--wp--preset--spacing--40);\" class=\"custom-link wp-block-read-more has-montserrat-font-family\" href=\"https:\/\/balson.ch\/wordpress\/2018\/03\/27\/e-lok-3\/\" target=\"_self\">Weiterlesen<span class=\"screen-reader-text\">: RhB G 4\/4 III | M 1:4 | 7 1\/4&#8243;<\/span><\/a><\/div>\n<\/div>\n\n<\/li><li class=\"wp-block-post post-68 post type-post status-publish format-standard has-post-thumbnail hentry category-elektro\">\n\n<div id=\"modell-card\" class=\"wp-block-group has-border-color has-black-border-color is-layout-flow wp-block-group-is-layout-flow\" style=\"border-width:2px;padding-top:0px;padding-right:0px;padding-bottom:0px;padding-left:0px\"><figure style=\"width:100%;\" class=\"wp-block-post-featured-image\"><img loading=\"lazy\" decoding=\"async\" width=\"660\" height=\"438\" src=\"https:\/\/balson.ch\/wordpress\/wp-content\/uploads\/2018\/03\/677ccbed72e9063effff806ea426365-e1759395153577.jpg\" class=\"attachment-post-thumbnail size-post-thumbnail wp-post-image\" alt=\"\" style=\"object-fit:cover;\" srcset=\"https:\/\/balson.ch\/wordpress\/wp-content\/uploads\/2018\/03\/677ccbed72e9063effff806ea426365-e1759395153577.jpg 660w, https:\/\/balson.ch\/wordpress\/wp-content\/uploads\/2018\/03\/677ccbed72e9063effff806ea426365-e1759395153577-300x199.jpg 300w, https:\/\/balson.ch\/wordpress\/wp-content\/uploads\/2018\/03\/677ccbed72e9063effff806ea426365-e1759395153577-600x398.jpg 600w, https:\/\/balson.ch\/wordpress\/wp-content\/uploads\/2018\/03\/677ccbed72e9063effff806ea426365-e1759395153577-64x42.jpg 64w\" sizes=\"auto, (max-width: 660px) 100vw, 660px\" \/><\/figure>\n\n\n<div class=\"wp-block-group has-global-padding is-layout-constrained wp-container-core-group-is-layout-2caf1312 wp-block-group-is-layout-constrained\" style=\"padding-top:0px;padding-right:30px;padding-bottom:30px;padding-left:30px\"><h2 style=\"font-size:26px;\" class=\"wp-block-post-title\"><a href=\"https:\/\/balson.ch\/wordpress\/2018\/03\/27\/e-lok-2\/\" target=\"_self\" >FO HGe 4\/4 I Nr. 32 | M 1:4 | 7 1\/4&#8243;<\/a><\/h2>\n\n<div class=\"wp-block-post-excerpt\"><p class=\"wp-block-post-excerpt__excerpt\">Die Geschichte: Die HGe 4\/4 ist eine Elektrolokmotivbaureihe, welche damals an die Visp-Zermatt-Bahn (VZ) geliefert wurde,&hellip; <\/p><\/div>\n\n<a style=\"font-size:1.2rem; border-radius:50px; padding-top:var(--wp--preset--spacing--30);padding-bottom:var(--wp--preset--spacing--30);padding-left:var(--wp--preset--spacing--40);padding-right:var(--wp--preset--spacing--40);\" class=\"custom-link wp-block-read-more has-montserrat-font-family\" href=\"https:\/\/balson.ch\/wordpress\/2018\/03\/27\/e-lok-2\/\" target=\"_self\">Weiterlesen<span class=\"screen-reader-text\">: FO HGe 4\/4 I Nr. 32 | M 1:4 | 7 1\/4&#8243;<\/span><\/a><\/div>\n<\/div>\n\n<\/li><li class=\"wp-block-post post-66 post type-post status-publish format-standard has-post-thumbnail hentry category-elektro\">\n\n<div id=\"modell-card\" class=\"wp-block-group has-border-color has-black-border-color is-layout-flow wp-block-group-is-layout-flow\" style=\"border-width:2px;padding-top:0px;padding-right:0px;padding-bottom:0px;padding-left:0px\"><figure style=\"width:100%;\" class=\"wp-block-post-featured-image\"><img loading=\"lazy\" decoding=\"async\" width=\"1024\" height=\"678\" src=\"https:\/\/balson.ch\/wordpress\/wp-content\/uploads\/2018\/03\/HRR_5614.jpg\" class=\"attachment-post-thumbnail size-post-thumbnail wp-post-image\" alt=\"\" style=\"object-fit:cover;\" srcset=\"https:\/\/balson.ch\/wordpress\/wp-content\/uploads\/2018\/03\/HRR_5614.jpg 1024w, https:\/\/balson.ch\/wordpress\/wp-content\/uploads\/2018\/03\/HRR_5614-300x199.jpg 300w, https:\/\/balson.ch\/wordpress\/wp-content\/uploads\/2018\/03\/HRR_5614-768x509.jpg 768w, https:\/\/balson.ch\/wordpress\/wp-content\/uploads\/2018\/03\/HRR_5614-600x397.jpg 600w, https:\/\/balson.ch\/wordpress\/wp-content\/uploads\/2018\/03\/HRR_5614-64x42.jpg 64w\" sizes=\"auto, (max-width: 1024px) 100vw, 1024px\" \/><\/figure>\n\n\n<div class=\"wp-block-group has-global-padding is-layout-constrained wp-container-core-group-is-layout-2caf1312 wp-block-group-is-layout-constrained\" style=\"padding-top:0px;padding-right:30px;padding-bottom:30px;padding-left:30px\"><h2 style=\"font-size:26px;\" class=\"wp-block-post-title\"><a href=\"https:\/\/balson.ch\/wordpress\/2018\/03\/27\/e-lok-1\/\" target=\"_self\" >RhB Ge 6\/6 C-C | M 1 : 2,7 | 15&#8243;<\/a><\/h2>\n\n<div class=\"wp-block-post-excerpt\"><p class=\"wp-block-post-excerpt__excerpt\">Die Geschichte: Die fortschreitende Elektrifizierung des Stammnetzes zwang die RhB Anfang der 20er Jahre, zur Beschaffung&hellip; <\/p><\/div>\n\n<a style=\"font-size:1.2rem; border-radius:50px; padding-top:var(--wp--preset--spacing--30);padding-bottom:var(--wp--preset--spacing--30);padding-left:var(--wp--preset--spacing--40);padding-right:var(--wp--preset--spacing--40);\" class=\"custom-link wp-block-read-more has-montserrat-font-family\" href=\"https:\/\/balson.ch\/wordpress\/2018\/03\/27\/e-lok-1\/\" target=\"_self\">Weiterlesen<span class=\"screen-reader-text\">: RhB Ge 6\/6 C-C | M 1 : 2,7 | 15&#8243;<\/span><\/a><\/div>\n<\/div>\n\n<\/li><\/ul><\/div>\n\n\n\n<div class=\"wp-block-buttons is-content-justification-center is-layout-flex wp-container-core-buttons-is-layout-a89b3969 wp-block-buttons-is-layout-flex\">\n<div class=\"wp-block-button\"><a class=\"wp-block-button__link has-black-background-color has-background has-montserrat-font-family wp-element-button\" href=\"https:\/\/balson.ch\/wordpress\/\/lokomotiven\/\"><strong>Zur\u00fcck zum Rollmaterial<\/strong><\/a><\/div>\n<\/div>\n","protected":false},"excerpt":{"rendered":"<p>Kurz nach unserer Firmengr\u00fcndung, beschlossen wir bald auch E-Lok\u2019s anzubieten! Diverse Modelle wurden produziert, welche \u00fcber den Vorteil verf\u00fcgen, dass sie mit einer einfachen Steuerung best\u00fcckt sind und dadurch keine enormen Vorbereitungszeiten entstehen, um die Maschine zum Einsatz zu bringen. Falls Sie also auf der Suche nach einer praktischen und flexiblen Lok sind, dann ist [&hellip;]<\/p>\n","protected":false},"author":1,"featured_media":0,"parent":26140,"menu_order":0,"comment_status":"closed","ping_status":"closed","template":"wp-custom-template-volle-breite-mit-titel","meta":{"_acf_changed":false,"footnotes":""},"class_list":["post-26439","page","type-page","status-publish","hentry"],"acf":[],"mb":[],"mfb_rest_fields":["title"],"_links":{"self":[{"href":"https:\/\/balson.ch\/wordpress\/wp-json\/wp\/v2\/pages\/26439","targetHints":{"allow":["GET"]}}],"collection":[{"href":"https:\/\/balson.ch\/wordpress\/wp-json\/wp\/v2\/pages"}],"about":[{"href":"https:\/\/balson.ch\/wordpress\/wp-json\/wp\/v2\/types\/page"}],"author":[{"embeddable":true,"href":"https:\/\/balson.ch\/wordpress\/wp-json\/wp\/v2\/users\/1"}],"replies":[{"embeddable":true,"href":"https:\/\/balson.ch\/wordpress\/wp-json\/wp\/v2\/comments?post=26439"}],"version-history":[{"count":16,"href":"https:\/\/balson.ch\/wordpress\/wp-json\/wp\/v2\/pages\/26439\/revisions"}],"predecessor-version":[{"id":32573,"href":"https:\/\/balson.ch\/wordpress\/wp-json\/wp\/v2\/pages\/26439\/revisions\/32573"}],"up":[{"embeddable":true,"href":"https:\/\/balson.ch\/wordpress\/wp-json\/wp\/v2\/pages\/26140"}],"wp:attachment":[{"href":"https:\/\/balson.ch\/wordpress\/wp-json\/wp\/v2\/media?parent=26439"}],"curies":[{"name":"wp","href":"https:\/\/api.w.org\/{rel}","templated":true}]}}