{"id":31276,"date":"2025-05-30T11:46:05","date_gmt":"2025-05-30T09:46:05","guid":{"rendered":"http:\/\/localhost\/wordpress\/?page_id=31276"},"modified":"2025-10-08T10:35:19","modified_gmt":"2025-10-08T08:35:19","slug":"wagen","status":"publish","type":"page","link":"https:\/\/balson.ch\/wordpress\/lokomotiven\/wagen\/","title":{"rendered":"Wagen"},"content":{"rendered":"\n<div class=\"wp-block-group has-global-padding is-layout-constrained wp-container-core-group-is-layout-7a3688e9 wp-block-group-is-layout-constrained\">\n<p style=\"font-size:18px\">Zu den Lokomotiven bauen wir nat\u00fcrlich auch die Wagen, um den Passagieren eine komfortable Fahrt zu bieten! Am Anfang wurden die Wagen noch sehr simpel und ohne viele Details gebaut. Inzwischen hat sich das ge\u00e4ndert und wir produzieren auf Kundenwunsch, authentische und detailreiche Wagen passend zu den Lokomotiven.<\/p>\n<\/div>\n\n\n\n<div class=\"wp-block-query has-global-padding is-layout-constrained wp-container-core-query-is-layout-7a3688e9 wp-block-query-is-layout-constrained\"><ul class=\"columns-3 wp-block-post-template is-layout-grid wp-container-core-post-template-is-layout-6d3fbd8f wp-block-post-template-is-layout-grid\"><li class=\"wp-block-post post-30365 post type-post status-publish format-standard has-post-thumbnail hentry category-allgemein category-news category-wagen\">\n\n<div id=\"modell-card\" class=\"wp-block-group has-border-color has-black-border-color is-layout-flow wp-block-group-is-layout-flow\" style=\"border-width:2px;padding-top:0px;padding-right:0px;padding-bottom:0px;padding-left:0px\"><figure style=\"width:100%;\" class=\"wp-block-post-featured-image\"><img loading=\"lazy\" decoding=\"async\" width=\"2048\" height=\"1638\" src=\"https:\/\/balson.ch\/wordpress\/wp-content\/uploads\/2025\/04\/3.3-mit-neuen-Fussrasten.png\" class=\"attachment-post-thumbnail size-post-thumbnail wp-post-image\" alt=\"\" style=\"object-fit:cover;\" srcset=\"https:\/\/balson.ch\/wordpress\/wp-content\/uploads\/2025\/04\/3.3-mit-neuen-Fussrasten.png 2048w, https:\/\/balson.ch\/wordpress\/wp-content\/uploads\/2025\/04\/3.3-mit-neuen-Fussrasten-300x240.png 300w, https:\/\/balson.ch\/wordpress\/wp-content\/uploads\/2025\/04\/3.3-mit-neuen-Fussrasten-1024x819.png 1024w, https:\/\/balson.ch\/wordpress\/wp-content\/uploads\/2025\/04\/3.3-mit-neuen-Fussrasten-768x614.png 768w, https:\/\/balson.ch\/wordpress\/wp-content\/uploads\/2025\/04\/3.3-mit-neuen-Fussrasten-1536x1229.png 1536w, https:\/\/balson.ch\/wordpress\/wp-content\/uploads\/2025\/04\/3.3-mit-neuen-Fussrasten-600x480.png 600w, https:\/\/balson.ch\/wordpress\/wp-content\/uploads\/2025\/04\/3.3-mit-neuen-Fussrasten-64x51.png 64w\" sizes=\"auto, (max-width: 2048px) 100vw, 2048px\" \/><\/figure>\n\n\n<div class=\"wp-block-group has-global-padding is-layout-constrained wp-container-core-group-is-layout-0455f743 wp-block-group-is-layout-constrained\" style=\"padding-top:0px;padding-right:30px;padding-bottom:30px;padding-left:30px\"><h2 style=\"font-size:26px;\" class=\"wp-block-post-title\"><a href=\"https:\/\/balson.ch\/wordpress\/2025\/04\/30\/l6-begleitwagen\/\" target=\"_self\" >L6 Begleitwagen<\/a><\/h2>\n\n<div class=\"wp-block-post-excerpt\"><p class=\"wp-block-post-excerpt__excerpt\">Beschreibung: Bei unserem neuen Projekt geht es um mehr als nur eine Lokomotive \u2013 es geht um ein stimmiges Gesamtbild. Inspiriert durch die Anregung eines Kunden haben wir uns entschieden, unser C 4\/5 Modelllokomotiven-Projekt um den passenden SBB L6 G\u00fcterwagen zu erweitern. Er&hellip; <\/p><\/div>\n\n<a style=\"font-size:1.2rem; border-radius:50px; padding-top:var(--wp--preset--spacing--30);padding-bottom:var(--wp--preset--spacing--30);padding-left:var(--wp--preset--spacing--40);padding-right:var(--wp--preset--spacing--40);\" class=\"custom-link wp-block-read-more has-montserrat-font-family\" href=\"https:\/\/balson.ch\/wordpress\/2025\/04\/30\/l6-begleitwagen\/\" target=\"_self\">Weiterlesen<span class=\"screen-reader-text\">: L6 Begleitwagen<\/span><\/a><\/div>\n<\/div>\n\n<\/li><li class=\"wp-block-post post-26110 post type-post status-publish format-standard has-post-thumbnail hentry category-news category-wagen\">\n\n<div id=\"modell-card\" class=\"wp-block-group has-border-color has-black-border-color is-layout-flow wp-block-group-is-layout-flow\" style=\"border-width:2px;padding-top:0px;padding-right:0px;padding-bottom:0px;padding-left:0px\"><figure style=\"width:100%;\" class=\"wp-block-post-featured-image\"><img loading=\"lazy\" decoding=\"async\" width=\"2560\" height=\"1707\" src=\"https:\/\/balson.ch\/wordpress\/wp-content\/uploads\/2022\/09\/DSC_4269_1-2-scaled.png\" class=\"attachment-post-thumbnail size-post-thumbnail wp-post-image\" alt=\"\" style=\"object-fit:cover;\" srcset=\"https:\/\/balson.ch\/wordpress\/wp-content\/uploads\/2022\/09\/DSC_4269_1-2-scaled.png 2560w, https:\/\/balson.ch\/wordpress\/wp-content\/uploads\/2022\/09\/DSC_4269_1-2-scaled-600x400.png 600w, https:\/\/balson.ch\/wordpress\/wp-content\/uploads\/2022\/09\/DSC_4269_1-2-300x200.png 300w, https:\/\/balson.ch\/wordpress\/wp-content\/uploads\/2022\/09\/DSC_4269_1-2-1024x683.png 1024w, https:\/\/balson.ch\/wordpress\/wp-content\/uploads\/2022\/09\/DSC_4269_1-2-768x512.png 768w, https:\/\/balson.ch\/wordpress\/wp-content\/uploads\/2022\/09\/DSC_4269_1-2-1536x1024.png 1536w, https:\/\/balson.ch\/wordpress\/wp-content\/uploads\/2022\/09\/DSC_4269_1-2-2048x1365.png 2048w\" sizes=\"auto, (max-width: 2560px) 100vw, 2560px\" \/><\/figure>\n\n\n<div class=\"wp-block-group has-global-padding is-layout-constrained wp-container-core-group-is-layout-0455f743 wp-block-group-is-layout-constrained\" style=\"padding-top:0px;padding-right:30px;padding-bottom:30px;padding-left:30px\"><h2 style=\"font-size:26px;\" class=\"wp-block-post-title\"><a href=\"https:\/\/balson.ch\/wordpress\/2025\/04\/14\/rhb-drehgestell-5-zoll\/\" target=\"_self\" >RhB Drehgestell 5 Zoll<\/a><\/h2>\n\n<div class=\"wp-block-post-excerpt\"><p class=\"wp-block-post-excerpt__excerpt\">Link zum Youtubevideo: https:\/\/youtu.be\/9w2_vlk7UJU Information: Dieses Drehgestell verbindet Komfort, Fahrgef\u00fchl und Robustheit mit einem sch\u00f6nen Detaillierungsgrad. Damit eignet sich dieses Drehgestell perfekt f\u00fcr den Bau Ihres vierachsigen RhB Personenwagens. Technische Daten: Radstand: 220mmGesamtl\u00e4nge: 396mmRahmenbreite: 180mmH\u00f6he SO bis Gleitst\u00fcck Quertr\u00e4ger: 93.5mmRaddurchmesser: 92mm Spezifikationen: -Mechanische&hellip; <\/p><\/div>\n\n<a style=\"font-size:1.2rem; border-radius:50px; padding-top:var(--wp--preset--spacing--30);padding-bottom:var(--wp--preset--spacing--30);padding-left:var(--wp--preset--spacing--40);padding-right:var(--wp--preset--spacing--40);\" class=\"custom-link wp-block-read-more has-montserrat-font-family\" href=\"https:\/\/balson.ch\/wordpress\/2025\/04\/14\/rhb-drehgestell-5-zoll\/\" target=\"_self\">Weiterlesen<span class=\"screen-reader-text\">: RhB Drehgestell 5 Zoll<\/span><\/a><\/div>\n<\/div>\n\n<\/li><li class=\"wp-block-post post-29790 post type-post status-publish format-standard has-post-thumbnail hentry category-news category-wagen\">\n\n<div id=\"modell-card\" class=\"wp-block-group has-border-color has-black-border-color is-layout-flow wp-block-group-is-layout-flow\" style=\"border-width:2px;padding-top:0px;padding-right:0px;padding-bottom:0px;padding-left:0px\"><figure style=\"width:100%;\" class=\"wp-block-post-featured-image\"><img loading=\"lazy\" decoding=\"async\" width=\"2560\" height=\"1707\" src=\"https:\/\/balson.ch\/wordpress\/wp-content\/uploads\/2023\/10\/DSC_7830-scaled.jpg\" class=\"attachment-post-thumbnail size-post-thumbnail wp-post-image\" alt=\"\" style=\"object-fit:cover;\" srcset=\"https:\/\/balson.ch\/wordpress\/wp-content\/uploads\/2023\/10\/DSC_7830-scaled.jpg 2560w, https:\/\/balson.ch\/wordpress\/wp-content\/uploads\/2023\/10\/DSC_7830-300x200.jpg 300w, https:\/\/balson.ch\/wordpress\/wp-content\/uploads\/2023\/10\/DSC_7830-1024x683.jpg 1024w, https:\/\/balson.ch\/wordpress\/wp-content\/uploads\/2023\/10\/DSC_7830-768x512.jpg 768w, https:\/\/balson.ch\/wordpress\/wp-content\/uploads\/2023\/10\/DSC_7830-1536x1024.jpg 1536w, https:\/\/balson.ch\/wordpress\/wp-content\/uploads\/2023\/10\/DSC_7830-2048x1365.jpg 2048w, https:\/\/balson.ch\/wordpress\/wp-content\/uploads\/2023\/10\/DSC_7830-600x400.jpg 600w, https:\/\/balson.ch\/wordpress\/wp-content\/uploads\/2023\/10\/DSC_7830-64x43.jpg 64w\" sizes=\"auto, (max-width: 2560px) 100vw, 2560px\" \/><\/figure>\n\n\n<div class=\"wp-block-group has-global-padding is-layout-constrained wp-container-core-group-is-layout-0455f743 wp-block-group-is-layout-constrained\" style=\"padding-top:0px;padding-right:30px;padding-bottom:30px;padding-left:30px\"><h2 style=\"font-size:26px;\" class=\"wp-block-post-title\"><a href=\"https:\/\/balson.ch\/wordpress\/2023\/10\/27\/sbb-j3-k3-begleitwagen-fuer-5-zoll-dampf-elektrolokomotive\/\" target=\"_self\" >SBB J3 &#038; K3 &#8211; Begleitwagen f\u00fcr 5 Zoll Dampf- &#038; Elektrolokomotive<\/a><\/h2>\n\n<div class=\"wp-block-post-excerpt\"><p class=\"wp-block-post-excerpt__excerpt\">Wenn Sie noch einen sch\u00f6nen &amp; funktionellen Beiwagen f\u00fcr Ihre 5 Zoll Maschine suchen, sind Sie bei diesem Projekt genau richtig. Vor einigen Wochen haben wir schon einmal \u00fcber dieses Projekt f\u00fcr unsere neue Dampflokomotive Ec 4\/5 gesprochen, da es nun immer konkreter&hellip; <\/p><\/div>\n\n<a style=\"font-size:1.2rem; border-radius:50px; padding-top:var(--wp--preset--spacing--30);padding-bottom:var(--wp--preset--spacing--30);padding-left:var(--wp--preset--spacing--40);padding-right:var(--wp--preset--spacing--40);\" class=\"custom-link wp-block-read-more has-montserrat-font-family\" href=\"https:\/\/balson.ch\/wordpress\/2023\/10\/27\/sbb-j3-k3-begleitwagen-fuer-5-zoll-dampf-elektrolokomotive\/\" target=\"_self\">Weiterlesen<span class=\"screen-reader-text\">: SBB J3 &#038; K3 &#8211; Begleitwagen f\u00fcr 5 Zoll Dampf- &#038; Elektrolokomotive<\/span><\/a><\/div>\n<\/div>\n\n<\/li><li class=\"wp-block-post post-76 post type-post status-publish format-standard has-post-thumbnail hentry category-wagen\">\n\n<div id=\"modell-card\" class=\"wp-block-group has-border-color has-black-border-color is-layout-flow wp-block-group-is-layout-flow\" style=\"border-width:2px;padding-top:0px;padding-right:0px;padding-bottom:0px;padding-left:0px\"><figure style=\"width:100%;\" class=\"wp-block-post-featured-image\"><img loading=\"lazy\" decoding=\"async\" width=\"2560\" height=\"1696\" src=\"https:\/\/balson.ch\/wordpress\/wp-content\/uploads\/2018\/03\/DSC_4103-scaled.jpg\" class=\"attachment-post-thumbnail size-post-thumbnail wp-post-image\" alt=\"\" style=\"object-fit:cover;\" srcset=\"https:\/\/balson.ch\/wordpress\/wp-content\/uploads\/2018\/03\/DSC_4103-scaled.jpg 2560w, https:\/\/balson.ch\/wordpress\/wp-content\/uploads\/2018\/03\/DSC_4103-300x199.jpg 300w, https:\/\/balson.ch\/wordpress\/wp-content\/uploads\/2018\/03\/DSC_4103-1024x678.jpg 1024w, https:\/\/balson.ch\/wordpress\/wp-content\/uploads\/2018\/03\/DSC_4103-768x509.jpg 768w, https:\/\/balson.ch\/wordpress\/wp-content\/uploads\/2018\/03\/DSC_4103-1536x1017.jpg 1536w, https:\/\/balson.ch\/wordpress\/wp-content\/uploads\/2018\/03\/DSC_4103-2048x1356.jpg 2048w, https:\/\/balson.ch\/wordpress\/wp-content\/uploads\/2018\/03\/DSC_4103-600x397.jpg 600w, https:\/\/balson.ch\/wordpress\/wp-content\/uploads\/2018\/03\/DSC_4103-64x42.jpg 64w\" sizes=\"auto, (max-width: 2560px) 100vw, 2560px\" \/><\/figure>\n\n\n<div class=\"wp-block-group has-global-padding is-layout-constrained wp-container-core-group-is-layout-0455f743 wp-block-group-is-layout-constrained\" style=\"padding-top:0px;padding-right:30px;padding-bottom:30px;padding-left:30px\"><h2 style=\"font-size:26px;\" class=\"wp-block-post-title\"><a href=\"https:\/\/balson.ch\/wordpress\/2018\/03\/27\/wagenlok-3\/\" target=\"_self\" >SBB 3achsiger Gep\u00e4ckwagen F3<\/a><\/h2>\n\n<div class=\"wp-block-post-excerpt\"><p class=\"wp-block-post-excerpt__excerpt\">&nbsp; &nbsp; Modell ist nur in Kombination zur Lok SBB A3\/5 erh\u00e4ltlich. Fahrgestelle: &nbsp; Aufbau: &nbsp; Inneneinrichtung: &nbsp; <\/p><\/div>\n\n<a style=\"font-size:1.2rem; border-radius:50px; padding-top:var(--wp--preset--spacing--30);padding-bottom:var(--wp--preset--spacing--30);padding-left:var(--wp--preset--spacing--40);padding-right:var(--wp--preset--spacing--40);\" class=\"custom-link wp-block-read-more has-montserrat-font-family\" href=\"https:\/\/balson.ch\/wordpress\/2018\/03\/27\/wagenlok-3\/\" target=\"_self\">Weiterlesen<span class=\"screen-reader-text\">: SBB 3achsiger Gep\u00e4ckwagen F3<\/span><\/a><\/div>\n<\/div>\n\n<\/li><li class=\"wp-block-post post-74 post type-post status-publish format-standard has-post-thumbnail hentry category-wagen\">\n\n<div id=\"modell-card\" class=\"wp-block-group has-border-color has-black-border-color is-layout-flow wp-block-group-is-layout-flow\" style=\"border-width:2px;padding-top:0px;padding-right:0px;padding-bottom:0px;padding-left:0px\"><figure style=\"width:100%;\" class=\"wp-block-post-featured-image\"><img loading=\"lazy\" decoding=\"async\" width=\"2560\" height=\"1707\" src=\"https:\/\/balson.ch\/wordpress\/wp-content\/uploads\/2018\/03\/DSC_5353-scaled.jpg\" class=\"attachment-post-thumbnail size-post-thumbnail wp-post-image\" alt=\"\" style=\"object-fit:cover;\" srcset=\"https:\/\/balson.ch\/wordpress\/wp-content\/uploads\/2018\/03\/DSC_5353-scaled.jpg 2560w, https:\/\/balson.ch\/wordpress\/wp-content\/uploads\/2018\/03\/DSC_5353-300x200.jpg 300w, https:\/\/balson.ch\/wordpress\/wp-content\/uploads\/2018\/03\/DSC_5353-1024x683.jpg 1024w, https:\/\/balson.ch\/wordpress\/wp-content\/uploads\/2018\/03\/DSC_5353-768x512.jpg 768w, https:\/\/balson.ch\/wordpress\/wp-content\/uploads\/2018\/03\/DSC_5353-1536x1024.jpg 1536w, https:\/\/balson.ch\/wordpress\/wp-content\/uploads\/2018\/03\/DSC_5353-2048x1365.jpg 2048w, https:\/\/balson.ch\/wordpress\/wp-content\/uploads\/2018\/03\/DSC_5353-600x400.jpg 600w, https:\/\/balson.ch\/wordpress\/wp-content\/uploads\/2018\/03\/DSC_5353-64x43.jpg 64w\" sizes=\"auto, (max-width: 2560px) 100vw, 2560px\" \/><\/figure>\n\n\n<div class=\"wp-block-group has-global-padding is-layout-constrained wp-container-core-group-is-layout-0455f743 wp-block-group-is-layout-constrained\" style=\"padding-top:0px;padding-right:30px;padding-bottom:30px;padding-left:30px\"><h2 style=\"font-size:26px;\" class=\"wp-block-post-title\"><a href=\"https:\/\/balson.ch\/wordpress\/2018\/03\/27\/wagenlok-2\/\" target=\"_self\" >Niederbordwagen Waldenburg<\/a><\/h2>\n\n<div class=\"wp-block-post-excerpt\"><p class=\"wp-block-post-excerpt__excerpt\">&nbsp; Modell passend zur Lok Waldenburg : &nbsp;Fahrgestelle: Aufbau: <\/p><\/div>\n\n<a style=\"font-size:1.2rem; border-radius:50px; padding-top:var(--wp--preset--spacing--30);padding-bottom:var(--wp--preset--spacing--30);padding-left:var(--wp--preset--spacing--40);padding-right:var(--wp--preset--spacing--40);\" class=\"custom-link wp-block-read-more has-montserrat-font-family\" href=\"https:\/\/balson.ch\/wordpress\/2018\/03\/27\/wagenlok-2\/\" target=\"_self\">Weiterlesen<span class=\"screen-reader-text\">: Niederbordwagen Waldenburg<\/span><\/a><\/div>\n<\/div>\n\n<\/li><li class=\"wp-block-post post-72 post type-post status-publish format-standard has-post-thumbnail hentry category-wagen\">\n\n<div id=\"modell-card\" class=\"wp-block-group has-border-color has-black-border-color is-layout-flow wp-block-group-is-layout-flow\" style=\"border-width:2px;padding-top:0px;padding-right:0px;padding-bottom:0px;padding-left:0px\"><figure style=\"width:100%;\" class=\"wp-block-post-featured-image\"><img loading=\"lazy\" decoding=\"async\" width=\"2560\" height=\"1523\" src=\"https:\/\/balson.ch\/wordpress\/wp-content\/uploads\/2018\/03\/DSC_5254-e1559824996982-scaled.jpg\" class=\"attachment-post-thumbnail size-post-thumbnail wp-post-image\" alt=\"\" style=\"object-fit:cover;\" srcset=\"https:\/\/balson.ch\/wordpress\/wp-content\/uploads\/2018\/03\/DSC_5254-e1559824996982-scaled.jpg 2560w, https:\/\/balson.ch\/wordpress\/wp-content\/uploads\/2018\/03\/DSC_5254-e1559824996982-300x178.jpg 300w, https:\/\/balson.ch\/wordpress\/wp-content\/uploads\/2018\/03\/DSC_5254-e1559824996982-1024x609.jpg 1024w, https:\/\/balson.ch\/wordpress\/wp-content\/uploads\/2018\/03\/DSC_5254-e1559824996982-768x457.jpg 768w, https:\/\/balson.ch\/wordpress\/wp-content\/uploads\/2018\/03\/DSC_5254-e1559824996982-1536x914.jpg 1536w, https:\/\/balson.ch\/wordpress\/wp-content\/uploads\/2018\/03\/DSC_5254-e1559824996982-2048x1218.jpg 2048w\" sizes=\"auto, (max-width: 2560px) 100vw, 2560px\" \/><\/figure>\n\n\n<div class=\"wp-block-group has-global-padding is-layout-constrained wp-container-core-group-is-layout-0455f743 wp-block-group-is-layout-constrained\" style=\"padding-top:0px;padding-right:30px;padding-bottom:30px;padding-left:30px\"><h2 style=\"font-size:26px;\" class=\"wp-block-post-title\"><a href=\"https:\/\/balson.ch\/wordpress\/2018\/03\/27\/wagenlok-1\/\" target=\"_self\" >Caboose<\/a><\/h2>\n\n<div class=\"wp-block-post-excerpt\"><p class=\"wp-block-post-excerpt__excerpt\">Geschichte: Die Bezeichnung &#8221;Caboose&#8221; ist vermutlich vom niederl\u00e4ndisch-skandinavischen Wort &#8221;Komb\u00fcse&#8221; inspiriert. Dieser Wagen wurde damals in der USA als Begleitwagen genutzt und wurde somit von Personal, n\u00f6tigen Werkzeuge und Ersatzteilen besetzt. Der Wagen hatte vorerst zwei Achsen und sp\u00e4ter auch wie bei unserem&hellip; <\/p><\/div>\n\n<a style=\"font-size:1.2rem; border-radius:50px; padding-top:var(--wp--preset--spacing--30);padding-bottom:var(--wp--preset--spacing--30);padding-left:var(--wp--preset--spacing--40);padding-right:var(--wp--preset--spacing--40);\" class=\"custom-link wp-block-read-more has-montserrat-font-family\" href=\"https:\/\/balson.ch\/wordpress\/2018\/03\/27\/wagenlok-1\/\" target=\"_self\">Weiterlesen<span class=\"screen-reader-text\">: Caboose<\/span><\/a><\/div>\n<\/div>\n\n<\/li><\/ul><\/div>\n\n\n\n<div class=\"wp-block-buttons is-content-justification-center is-layout-flex wp-container-core-buttons-is-layout-a89b3969 wp-block-buttons-is-layout-flex\">\n<div class=\"wp-block-button\"><a class=\"wp-block-button__link has-black-background-color has-background has-montserrat-font-family wp-element-button\" href=\"https:\/\/balson.ch\/wordpress\/\/lokomotiven\/\"><strong>Zur\u00fcck zum Rollmaterial<\/strong><\/a><\/div>\n<\/div>\n","protected":false},"excerpt":{"rendered":"<p>Zu den Lokomotiven bauen wir nat\u00fcrlich auch die Wagen, um den Passagieren eine komfortable Fahrt zu bieten! Am Anfang wurden die Wagen noch sehr simpel und ohne viele Details gebaut. Inzwischen hat sich das ge\u00e4ndert und wir produzieren auf Kundenwunsch, authentische und detailreiche Wagen passend zu den Lokomotiven.<\/p>\n","protected":false},"author":1,"featured_media":0,"parent":26140,"menu_order":0,"comment_status":"closed","ping_status":"closed","template":"wp-custom-template-volle-breite-mit-titel","meta":{"_acf_changed":false,"footnotes":""},"class_list":["post-31276","page","type-page","status-publish","hentry"],"acf":[],"mb":[],"mfb_rest_fields":["title"],"_links":{"self":[{"href":"https:\/\/balson.ch\/wordpress\/wp-json\/wp\/v2\/pages\/31276","targetHints":{"allow":["GET"]}}],"collection":[{"href":"https:\/\/balson.ch\/wordpress\/wp-json\/wp\/v2\/pages"}],"about":[{"href":"https:\/\/balson.ch\/wordpress\/wp-json\/wp\/v2\/types\/page"}],"author":[{"embeddable":true,"href":"https:\/\/balson.ch\/wordpress\/wp-json\/wp\/v2\/users\/1"}],"replies":[{"embeddable":true,"href":"https:\/\/balson.ch\/wordpress\/wp-json\/wp\/v2\/comments?post=31276"}],"version-history":[{"count":15,"href":"https:\/\/balson.ch\/wordpress\/wp-json\/wp\/v2\/pages\/31276\/revisions"}],"predecessor-version":[{"id":32581,"href":"https:\/\/balson.ch\/wordpress\/wp-json\/wp\/v2\/pages\/31276\/revisions\/32581"}],"up":[{"embeddable":true,"href":"https:\/\/balson.ch\/wordpress\/wp-json\/wp\/v2\/pages\/26140"}],"wp:attachment":[{"href":"https:\/\/balson.ch\/wordpress\/wp-json\/wp\/v2\/media?parent=31276"}],"curies":[{"name":"wp","href":"https:\/\/api.w.org\/{rel}","templated":true}]}}