{"id":32091,"date":"2025-09-01T11:09:54","date_gmt":"2025-09-01T09:09:54","guid":{"rendered":"https:\/\/balson.ch\/wordpress\/?post_type=product&#038;p=26469"},"modified":"2025-10-09T13:18:21","modified_gmt":"2025-10-09T11:18:21","slug":"dampfzylinderoel5l","status":"publish","type":"product","link":"https:\/\/balson.ch\/wordpress\/product\/dampfzylinderoel5l\/","title":{"rendered":"Dampfzylinderoel 5L"},"content":{"rendered":"","protected":false},"excerpt":{"rendered":"<p>Um Ihre Dampfzylinder vor Verschleiss und Korrosion zu sch\u00fctzen, ben\u00f6tigt es das richtige Schmiermittel. Dieses Produkt hat sich bereits \u00fcber Jahre bei diversen Dampflokomotiven bew\u00e4hrt.<\/p>\n<p>KEIN VERSAND AUSSERHALB DER SCHWEIZ (NUR ABHOLUNG)<\/p>\n","protected":false},"featured_media":26618,"comment_status":"closed","ping_status":"closed","template":"","meta":{"_acf_changed":false},"product_brand":[],"product_cat":[42],"product_tag":[],"class_list":{"0":"post-32091","1":"product","2":"type-product","3":"status-publish","4":"has-post-thumbnail","6":"product_cat-betriebsmittel","8":"first","9":"instock","10":"taxable","11":"shipping-taxable","12":"product-type-simple"},"acf":[],"mb":[],"mfb_rest_fields":["title"],"_links":{"self":[{"href":"https:\/\/balson.ch\/wordpress\/wp-json\/wp\/v2\/product\/32091","targetHints":{"allow":["GET"]}}],"collection":[{"href":"https:\/\/balson.ch\/wordpress\/wp-json\/wp\/v2\/product"}],"about":[{"href":"https:\/\/balson.ch\/wordpress\/wp-json\/wp\/v2\/types\/product"}],"replies":[{"embeddable":true,"href":"https:\/\/balson.ch\/wordpress\/wp-json\/wp\/v2\/comments?post=32091"}],"wp:featuredmedia":[{"embeddable":true,"href":"https:\/\/balson.ch\/wordpress\/wp-json\/wp\/v2\/media\/26618"}],"wp:attachment":[{"href":"https:\/\/balson.ch\/wordpress\/wp-json\/wp\/v2\/media?parent=32091"}],"wp:term":[{"taxonomy":"product_brand","embeddable":true,"href":"https:\/\/balson.ch\/wordpress\/wp-json\/wp\/v2\/product_brand?post=32091"},{"taxonomy":"product_cat","embeddable":true,"href":"https:\/\/balson.ch\/wordpress\/wp-json\/wp\/v2\/product_cat?post=32091"},{"taxonomy":"product_tag","embeddable":true,"href":"https:\/\/balson.ch\/wordpress\/wp-json\/wp\/v2\/product_tag?post=32091"}],"curies":[{"name":"wp","href":"https:\/\/api.w.org\/{rel}","templated":true}]}}