{"id":873,"date":"2025-09-24T12:18:25","date_gmt":"2025-09-24T10:18:25","guid":{"rendered":"http:\/\/balson.ch\/wordpress\/?post_type=product&#038;p=873"},"modified":"2026-04-19T18:27:06","modified_gmt":"2026-04-19T16:27:06","slug":"fuehrerbremsventil-mit-bedienhebel-27mm","status":"publish","type":"product","link":"https:\/\/balson.ch\/wordpress\/product\/fuehrerbremsventil-mit-bedienhebel-27mm\/","title":{"rendered":"F\u00fchrerbremsventil mit Bedienhebel 27mm"},"content":{"rendered":"<p>mit diesem\u00a0repr\u00e4sentativem F\u00fchrerbremsventil, k\u00f6nnen Sie die Lok und den Zug akkurat und fein dosiert bremsen<\/p>\n<ul>\n<li>mit Einstellstufen, leicht einrastend<\/li>\n<li>am Ventil ist ein Halter mit Gewinde, f\u00fcr die Montage an der F\u00fchrerhausseitenwand<\/li>\n<li>Eingangsdruck: max 10bar<\/li>\n<li>Ausgangsdruck: ca 4.5bar<\/li>\n<li>Markierungen: L\u00f6sen Bremsen<\/li>\n<li><strong>nur f\u00fcr Luft &#8211; kein Dampf<\/strong><\/li>\n<\/ul>\n<p>&nbsp;<\/p>\n","protected":false},"excerpt":{"rendered":"<p style=\"text-align: center;\">Bremsventil f\u00fcr akkurate und fein dosierte Bremsung<\/p>\n","protected":false},"featured_media":1107,"comment_status":"closed","ping_status":"closed","template":"","meta":{"_acf_changed":false},"product_brand":[],"product_cat":[49],"product_tag":[],"class_list":{"0":"post-873","1":"product","2":"type-product","3":"status-publish","4":"has-post-thumbnail","6":"product_cat-fuehrerbremsventile","8":"first","9":"instock","10":"taxable","11":"shipping-taxable","12":"purchasable","13":"product-type-simple"},"acf":[],"mb":[],"mfb_rest_fields":["title"],"_links":{"self":[{"href":"https:\/\/balson.ch\/wordpress\/wp-json\/wp\/v2\/product\/873","targetHints":{"allow":["GET"]}}],"collection":[{"href":"https:\/\/balson.ch\/wordpress\/wp-json\/wp\/v2\/product"}],"about":[{"href":"https:\/\/balson.ch\/wordpress\/wp-json\/wp\/v2\/types\/product"}],"replies":[{"embeddable":true,"href":"https:\/\/balson.ch\/wordpress\/wp-json\/wp\/v2\/comments?post=873"}],"wp:featuredmedia":[{"embeddable":true,"href":"https:\/\/balson.ch\/wordpress\/wp-json\/wp\/v2\/media\/1107"}],"wp:attachment":[{"href":"https:\/\/balson.ch\/wordpress\/wp-json\/wp\/v2\/media?parent=873"}],"wp:term":[{"taxonomy":"product_brand","embeddable":true,"href":"https:\/\/balson.ch\/wordpress\/wp-json\/wp\/v2\/product_brand?post=873"},{"taxonomy":"product_cat","embeddable":true,"href":"https:\/\/balson.ch\/wordpress\/wp-json\/wp\/v2\/product_cat?post=873"},{"taxonomy":"product_tag","embeddable":true,"href":"https:\/\/balson.ch\/wordpress\/wp-json\/wp\/v2\/product_tag?post=873"}],"curies":[{"name":"wp","href":"https:\/\/api.w.org\/{rel}","templated":true}]}}